{"id":376,"date":"2018-09-04T18:11:08","date_gmt":"2018-09-04T22:11:08","guid":{"rendered":"https:\/\/giantstepsmontreal.com\/?page_id=376"},"modified":"2025-03-31T10:10:17","modified_gmt":"2025-03-31T14:10:17","slug":"about-the-school","status":"publish","type":"page","link":"https:\/\/giantstepsmontreal.com\/en\/about-the-school\/","title":{"rendered":"Our School"},"content":{"rendered":"<div id=\"cs-content\" class=\"cs-content\"><\/div>\n","protected":false},"excerpt":{"rendered":"<p>About the SchoolHomeFounded in 1980, Giant Steps School is a private school recognized and subsidized in the public interest by the Minist\u00e8re de l&#8217;\u00c9ducation et de l&#8217;Enseignement sup\u00e9rieur (MEES). The school welcomes students aged 4 to 21 years old with autism spectrum disorders (ASD) into our preschool (4 &amp; 5 years old), primary and secondary school programs. Students follow ministry &#8230; <\/p>\n<div><a href=\"https:\/\/giantstepsmontreal.com\/en\/about-the-school\/\" class=\"more-link\">Read More<\/a><\/div>\n","protected":false},"author":1,"featured_media":0,"parent":0,"menu_order":0,"comment_status":"closed","ping_status":"closed","template":"template-blank-4.php","meta":{"_monsterinsights_skip_tracking":false,"_monsterinsights_sitenote_active":false,"_monsterinsights_sitenote_note":"","_monsterinsights_sitenote_category":0,"ngg_post_thumbnail":0,"_price":"","_stock":"","_tribe_ticket_header":"","_tribe_default_ticket_provider":"","_tribe_ticket_capacity":"0","_ticket_start_date":"","_ticket_end_date":"","_tribe_ticket_show_description":"","_tribe_ticket_show_not_going":false,"_tribe_ticket_use_global_stock":"","_tribe_ticket_global_stock_level":"","_global_stock_mode":"","_global_stock_cap":"","_tribe_rsvp_for_event":"","_tribe_ticket_going_count":"","_tribe_ticket_not_going_count":"","_tribe_tickets_list":"[]","_tribe_ticket_has_attendee_info_fields":false,"footnotes":"","_tec_slr_enabled":"","_tec_slr_layout":""},"class_list":["post-376","page","type-page","status-publish","hentry","no-post-thumbnail"],"ticketed":false,"_links":{"self":[{"href":"https:\/\/giantstepsmontreal.com\/en\/wp-json\/wp\/v2\/pages\/376","targetHints":{"allow":["GET"]}}],"collection":[{"href":"https:\/\/giantstepsmontreal.com\/en\/wp-json\/wp\/v2\/pages"}],"about":[{"href":"https:\/\/giantstepsmontreal.com\/en\/wp-json\/wp\/v2\/types\/page"}],"author":[{"embeddable":true,"href":"https:\/\/giantstepsmontreal.com\/en\/wp-json\/wp\/v2\/users\/1"}],"replies":[{"embeddable":true,"href":"https:\/\/giantstepsmontreal.com\/en\/wp-json\/wp\/v2\/comments?post=376"}],"version-history":[{"count":9,"href":"https:\/\/giantstepsmontreal.com\/en\/wp-json\/wp\/v2\/pages\/376\/revisions"}],"predecessor-version":[{"id":4508,"href":"https:\/\/giantstepsmontreal.com\/en\/wp-json\/wp\/v2\/pages\/376\/revisions\/4508"}],"wp:attachment":[{"href":"https:\/\/giantstepsmontreal.com\/en\/wp-json\/wp\/v2\/media?parent=376"}],"curies":[{"name":"wp","href":"https:\/\/api.w.org\/{rel}","templated":true}]}}