{"id":1225,"date":"2018-09-27T13:37:42","date_gmt":"2018-09-27T17:37:42","guid":{"rendered":"https:\/\/giantstepsmontreal.com\/?page_id=1225"},"modified":"2022-03-28T18:51:58","modified_gmt":"2022-03-28T22:51:58","slug":"programme","status":"publish","type":"page","link":"https:\/\/giantstepsmontreal.com\/fr\/notre-ecole\/programme\/","title":{"rendered":"Programme"},"content":{"rendered":"<div id=\"cs-content\" class=\"cs-content\"><\/div>\n","protected":false},"excerpt":{"rendered":"<p>ProgrammeHomeServices p\u00e9dagogiquesLes services \u00e9ducatifs propos\u00e9s dans nos classes : favorisent la personnalisation de l&rsquo;enseignement et du mat\u00e9riel p\u00e9dagogique pour permettre l&rsquo;accessibilit\u00e9 et la r\u00e9alisation scolaire; tirent profit de la technologie \u00e9ducative; favorisent l&rsquo;autod\u00e9termination et l&rsquo;autonomie; se concentrent sur les forces et encouragent l&rsquo;implication. Int\u00e9gration scolaire, sociale et professionnelleTous nos \u00e9l\u00e8ves b\u00e9n\u00e9ficient de services d&rsquo;int\u00e9gration qui leur permettent notamment de se &#8230; <\/p>\n<div><a href=\"https:\/\/giantstepsmontreal.com\/fr\/notre-ecole\/programme\/\" class=\"more-link\">Read More<\/a><\/div>\n","protected":false},"author":1,"featured_media":0,"parent":1253,"menu_order":0,"comment_status":"closed","ping_status":"closed","template":"template-blank-4.php","meta":{"_monsterinsights_skip_tracking":false,"_monsterinsights_sitenote_active":false,"_monsterinsights_sitenote_note":"","_monsterinsights_sitenote_category":0,"ngg_post_thumbnail":0,"_price":"","_stock":"","_tribe_ticket_header":"","_tribe_default_ticket_provider":"","_tribe_ticket_capacity":"0","_ticket_start_date":"","_ticket_end_date":"","_tribe_ticket_show_description":"","_tribe_ticket_show_not_going":false,"_tribe_ticket_use_global_stock":"","_tribe_ticket_global_stock_level":"","_global_stock_mode":"","_global_stock_cap":"","_tribe_rsvp_for_event":"","_tribe_ticket_going_count":"","_tribe_ticket_not_going_count":"","_tribe_tickets_list":"[]","_tribe_ticket_has_attendee_info_fields":false,"footnotes":"","_tec_slr_enabled":"","_tec_slr_layout":""},"class_list":["post-1225","page","type-page","status-publish","hentry","no-post-thumbnail"],"ticketed":false,"_links":{"self":[{"href":"https:\/\/giantstepsmontreal.com\/fr\/wp-json\/wp\/v2\/pages\/1225","targetHints":{"allow":["GET"]}}],"collection":[{"href":"https:\/\/giantstepsmontreal.com\/fr\/wp-json\/wp\/v2\/pages"}],"about":[{"href":"https:\/\/giantstepsmontreal.com\/fr\/wp-json\/wp\/v2\/types\/page"}],"author":[{"embeddable":true,"href":"https:\/\/giantstepsmontreal.com\/fr\/wp-json\/wp\/v2\/users\/1"}],"replies":[{"embeddable":true,"href":"https:\/\/giantstepsmontreal.com\/fr\/wp-json\/wp\/v2\/comments?post=1225"}],"version-history":[{"count":3,"href":"https:\/\/giantstepsmontreal.com\/fr\/wp-json\/wp\/v2\/pages\/1225\/revisions"}],"predecessor-version":[{"id":4149,"href":"https:\/\/giantstepsmontreal.com\/fr\/wp-json\/wp\/v2\/pages\/1225\/revisions\/4149"}],"up":[{"embeddable":true,"href":"https:\/\/giantstepsmontreal.com\/fr\/wp-json\/wp\/v2\/pages\/1253"}],"wp:attachment":[{"href":"https:\/\/giantstepsmontreal.com\/fr\/wp-json\/wp\/v2\/media?parent=1225"}],"curies":[{"name":"wp","href":"https:\/\/api.w.org\/{rel}","templated":true}]}}