{"id":1239,"date":"2018-09-27T14:03:46","date_gmt":"2018-09-27T18:03:46","guid":{"rendered":"https:\/\/giantstepsmontreal.com\/?page_id=1239"},"modified":"2021-07-26T15:11:31","modified_gmt":"2021-07-26T19:11:31","slug":"impliquez-vous","status":"publish","type":"page","link":"https:\/\/giantstepsmontreal.com\/fr\/fondation\/impliquez-vous\/","title":{"rendered":"Impliquez-vous"},"content":{"rendered":"<div id=\"cs-content\" class=\"cs-content\"><\/div>\n","protected":false},"excerpt":{"rendered":"<p>Impliquez-vous ! HomeVotre soutien est tr\u00e8s important et nous vous proposons plusieurs moyens de contribuer \u00e0 notre cause.\u00a0 Vous pouvez participer \u00e0 notre campagne annuelle, assister \u00e0 un de nos \u00e9v\u00e9nements, ou faire un don en ligne.\u00a0 Quel que soit le moyen choisi, votre don sera extr\u00eamement appr\u00e9ci\u00e9 et utile, puisqu&rsquo;il aidera un enfant autiste \u00e0 atteindre son plein potentiel. &#8230; <\/p>\n<div><a href=\"https:\/\/giantstepsmontreal.com\/fr\/fondation\/impliquez-vous\/\" class=\"more-link\">Read More<\/a><\/div>\n","protected":false},"author":1,"featured_media":0,"parent":3903,"menu_order":0,"comment_status":"closed","ping_status":"closed","template":"template-blank-4.php","meta":{"_monsterinsights_skip_tracking":false,"_monsterinsights_sitenote_active":false,"_monsterinsights_sitenote_note":"","_monsterinsights_sitenote_category":0,"ngg_post_thumbnail":0,"_price":"","_stock":"","_tribe_ticket_header":"","_tribe_default_ticket_provider":"","_tribe_ticket_capacity":"0","_ticket_start_date":"","_ticket_end_date":"","_tribe_ticket_show_description":"","_tribe_ticket_show_not_going":false,"_tribe_ticket_use_global_stock":"","_tribe_ticket_global_stock_level":"","_global_stock_mode":"","_global_stock_cap":"","_tribe_rsvp_for_event":"","_tribe_ticket_going_count":"","_tribe_ticket_not_going_count":"","_tribe_tickets_list":"[]","_tribe_ticket_has_attendee_info_fields":false,"footnotes":"","_tec_slr_enabled":"","_tec_slr_layout":""},"class_list":["post-1239","page","type-page","status-publish","hentry","no-post-thumbnail"],"ticketed":false,"_links":{"self":[{"href":"https:\/\/giantstepsmontreal.com\/fr\/wp-json\/wp\/v2\/pages\/1239","targetHints":{"allow":["GET"]}}],"collection":[{"href":"https:\/\/giantstepsmontreal.com\/fr\/wp-json\/wp\/v2\/pages"}],"about":[{"href":"https:\/\/giantstepsmontreal.com\/fr\/wp-json\/wp\/v2\/types\/page"}],"author":[{"embeddable":true,"href":"https:\/\/giantstepsmontreal.com\/fr\/wp-json\/wp\/v2\/users\/1"}],"replies":[{"embeddable":true,"href":"https:\/\/giantstepsmontreal.com\/fr\/wp-json\/wp\/v2\/comments?post=1239"}],"version-history":[{"count":5,"href":"https:\/\/giantstepsmontreal.com\/fr\/wp-json\/wp\/v2\/pages\/1239\/revisions"}],"predecessor-version":[{"id":3113,"href":"https:\/\/giantstepsmontreal.com\/fr\/wp-json\/wp\/v2\/pages\/1239\/revisions\/3113"}],"up":[{"embeddable":true,"href":"https:\/\/giantstepsmontreal.com\/fr\/wp-json\/wp\/v2\/pages\/3903"}],"wp:attachment":[{"href":"https:\/\/giantstepsmontreal.com\/fr\/wp-json\/wp\/v2\/media?parent=1239"}],"curies":[{"name":"wp","href":"https:\/\/api.w.org\/{rel}","templated":true}]}}