{"id":1245,"date":"2018-09-27T14:14:13","date_gmt":"2018-09-27T18:14:13","guid":{"rendered":"https:\/\/giantstepsmontreal.com\/?page_id=1245"},"modified":"2021-08-02T14:14:38","modified_gmt":"2021-08-02T18:14:38","slug":"conferences-et-evenements","status":"publish","type":"page","link":"https:\/\/giantstepsmontreal.com\/fr\/centre-de-ressources-et-de-formation\/conferences-et-evenements\/","title":{"rendered":"Conf\u00e9rences et \u00e9v\u00e9nements"},"content":{"rendered":"<div id=\"cs-content\" class=\"cs-content\"><\/div>\n","protected":false},"excerpt":{"rendered":"<p>Conf\u00e9rences et \u00e9v\u00e9nementsHomeHorizon 21 Cette s\u00e9rie de vid\u00e9os produite par Giant Steps pr\u00e9sente des conversations avec des leaders locaux et internationaux qui innovent en mati\u00e8re de pratiques d&#8217;embauche inclusives.EN SAVOIR PLUSS\u00e9rie de conf\u00e9rences Polaris Les 11 et 12 juin, Giant Steps, avec ses partenaires commanditaires Les Compagnies Loblaws Limit\u00e9e, Ready, Willing and Able et EY, se sont unis pour pr\u00e9senter &#8230; <\/p>\n<div><a href=\"https:\/\/giantstepsmontreal.com\/fr\/centre-de-ressources-et-de-formation\/conferences-et-evenements\/\" class=\"more-link\">Read More<\/a><\/div>\n","protected":false},"author":1,"featured_media":0,"parent":1254,"menu_order":0,"comment_status":"closed","ping_status":"closed","template":"template-blank-4.php","meta":{"_monsterinsights_skip_tracking":false,"_monsterinsights_sitenote_active":false,"_monsterinsights_sitenote_note":"","_monsterinsights_sitenote_category":0,"ngg_post_thumbnail":0,"_price":"","_stock":"","_tribe_ticket_header":"","_tribe_default_ticket_provider":"","_tribe_ticket_capacity":"0","_ticket_start_date":"","_ticket_end_date":"","_tribe_ticket_show_description":"","_tribe_ticket_show_not_going":false,"_tribe_ticket_use_global_stock":"","_tribe_ticket_global_stock_level":"","_global_stock_mode":"","_global_stock_cap":"","_tribe_rsvp_for_event":"","_tribe_ticket_going_count":"","_tribe_ticket_not_going_count":"","_tribe_tickets_list":"[]","_tribe_ticket_has_attendee_info_fields":false,"footnotes":"","_tec_slr_enabled":"","_tec_slr_layout":""},"class_list":["post-1245","page","type-page","status-publish","hentry","no-post-thumbnail"],"ticketed":false,"_links":{"self":[{"href":"https:\/\/giantstepsmontreal.com\/fr\/wp-json\/wp\/v2\/pages\/1245","targetHints":{"allow":["GET"]}}],"collection":[{"href":"https:\/\/giantstepsmontreal.com\/fr\/wp-json\/wp\/v2\/pages"}],"about":[{"href":"https:\/\/giantstepsmontreal.com\/fr\/wp-json\/wp\/v2\/types\/page"}],"author":[{"embeddable":true,"href":"https:\/\/giantstepsmontreal.com\/fr\/wp-json\/wp\/v2\/users\/1"}],"replies":[{"embeddable":true,"href":"https:\/\/giantstepsmontreal.com\/fr\/wp-json\/wp\/v2\/comments?post=1245"}],"version-history":[{"count":12,"href":"https:\/\/giantstepsmontreal.com\/fr\/wp-json\/wp\/v2\/pages\/1245\/revisions"}],"predecessor-version":[{"id":3965,"href":"https:\/\/giantstepsmontreal.com\/fr\/wp-json\/wp\/v2\/pages\/1245\/revisions\/3965"}],"up":[{"embeddable":true,"href":"https:\/\/giantstepsmontreal.com\/fr\/wp-json\/wp\/v2\/pages\/1254"}],"wp:attachment":[{"href":"https:\/\/giantstepsmontreal.com\/fr\/wp-json\/wp\/v2\/media?parent=1245"}],"curies":[{"name":"wp","href":"https:\/\/api.w.org\/{rel}","templated":true}]}}