{"id":1247,"date":"2018-09-27T14:17:41","date_gmt":"2018-09-27T18:17:41","guid":{"rendered":"https:\/\/giantstepsmontreal.com\/?page_id=1247"},"modified":"2024-03-13T12:22:09","modified_gmt":"2024-03-13T16:22:09","slug":"ressources-et-formation","status":"publish","type":"page","link":"https:\/\/giantstepsmontreal.com\/fr\/centre-de-ressources-et-de-formation\/ressources-et-formation\/","title":{"rendered":"Ressources et formation"},"content":{"rendered":"<div id=\"cs-content\" class=\"cs-content\"><\/div>\n","protected":false},"excerpt":{"rendered":"<p>Ressources et formationHomeFormation sur l&rsquo;autisme pour les premiers intervenants Ce programme de formation fait partie du projet \u00ab\u00a0Autism-Inclusive Cities\u00a0\u00bb. Outre les outils de formation destin\u00e9s aux premiers intervenants, ce site Web comprend du mat\u00e9riel p\u00e9dagogique adapt\u00e9 aux programmes de sensibilisation de la police et des pompiers.FR.ASDFIRSTRESPONDERS.CARessource pour les chauffeurs de bus scolaires Un outil de formation vid&eacute;o portant sur les &#8230; <\/p>\n<div><a href=\"https:\/\/giantstepsmontreal.com\/fr\/centre-de-ressources-et-de-formation\/ressources-et-formation\/\" class=\"more-link\">Read More<\/a><\/div>\n","protected":false},"author":1,"featured_media":0,"parent":1254,"menu_order":0,"comment_status":"closed","ping_status":"closed","template":"template-blank-4.php","meta":{"_monsterinsights_skip_tracking":false,"_monsterinsights_sitenote_active":false,"_monsterinsights_sitenote_note":"","_monsterinsights_sitenote_category":0,"ngg_post_thumbnail":0,"_price":"","_stock":"","_tribe_ticket_header":"","_tribe_default_ticket_provider":"","_tribe_ticket_capacity":"0","_ticket_start_date":"","_ticket_end_date":"","_tribe_ticket_show_description":"","_tribe_ticket_show_not_going":false,"_tribe_ticket_use_global_stock":"","_tribe_ticket_global_stock_level":"","_global_stock_mode":"","_global_stock_cap":"","_tribe_rsvp_for_event":"","_tribe_ticket_going_count":"","_tribe_ticket_not_going_count":"","_tribe_tickets_list":"[]","_tribe_ticket_has_attendee_info_fields":false,"footnotes":"","_tec_slr_enabled":"","_tec_slr_layout":""},"class_list":["post-1247","page","type-page","status-publish","hentry","no-post-thumbnail"],"ticketed":false,"_links":{"self":[{"href":"https:\/\/giantstepsmontreal.com\/fr\/wp-json\/wp\/v2\/pages\/1247","targetHints":{"allow":["GET"]}}],"collection":[{"href":"https:\/\/giantstepsmontreal.com\/fr\/wp-json\/wp\/v2\/pages"}],"about":[{"href":"https:\/\/giantstepsmontreal.com\/fr\/wp-json\/wp\/v2\/types\/page"}],"author":[{"embeddable":true,"href":"https:\/\/giantstepsmontreal.com\/fr\/wp-json\/wp\/v2\/users\/1"}],"replies":[{"embeddable":true,"href":"https:\/\/giantstepsmontreal.com\/fr\/wp-json\/wp\/v2\/comments?post=1247"}],"version-history":[{"count":23,"href":"https:\/\/giantstepsmontreal.com\/fr\/wp-json\/wp\/v2\/pages\/1247\/revisions"}],"predecessor-version":[{"id":4414,"href":"https:\/\/giantstepsmontreal.com\/fr\/wp-json\/wp\/v2\/pages\/1247\/revisions\/4414"}],"up":[{"embeddable":true,"href":"https:\/\/giantstepsmontreal.com\/fr\/wp-json\/wp\/v2\/pages\/1254"}],"wp:attachment":[{"href":"https:\/\/giantstepsmontreal.com\/fr\/wp-json\/wp\/v2\/media?parent=1247"}],"curies":[{"name":"wp","href":"https:\/\/api.w.org\/{rel}","templated":true}]}}