{"id":1637,"date":"2018-10-28T15:22:25","date_gmt":"2018-10-28T19:22:25","guid":{"rendered":"https:\/\/giantstepsmontreal.com\/?page_id=1637"},"modified":"2021-07-27T10:29:16","modified_gmt":"2021-07-27T14:29:16","slug":"projet-villes-inclusives","status":"publish","type":"page","link":"https:\/\/giantstepsmontreal.com\/fr\/projets\/projet-villes-inclusives\/","title":{"rendered":"Projet de villes inclusives"},"content":{"rendered":"<div id=\"cs-content\" class=\"cs-content\"><\/div>\n","protected":false},"excerpt":{"rendered":"<p>Projet de villes inclusives pour personnes autistes HomePour une soci\u00e9t\u00e9 vraiment inclusive Depuis 10\u00a0ans, le Centre de ressources et de formation de l\u2019\u00c9cole \u00c0 Pas de G\u00e9ant d\u00e9veloppe son expertise afin de favoriser un milieu inclusif et \u00e9quitable pour les enfants et les adultes autistes. Ce projet novateur cherche \u00e0 sensibiliser la population et \u00e0 cr\u00e9er des opportunit\u00e9s en ce &#8230; <\/p>\n<div><a href=\"https:\/\/giantstepsmontreal.com\/fr\/projets\/projet-villes-inclusives\/\" class=\"more-link\">Read More<\/a><\/div>\n","protected":false},"author":2,"featured_media":0,"parent":3288,"menu_order":0,"comment_status":"closed","ping_status":"closed","template":"template-blank-4.php","meta":{"_monsterinsights_skip_tracking":false,"_monsterinsights_sitenote_active":false,"_monsterinsights_sitenote_note":"","_monsterinsights_sitenote_category":0,"ngg_post_thumbnail":0,"_price":"","_stock":"","_tribe_ticket_header":"","_tribe_default_ticket_provider":"","_tribe_ticket_capacity":"0","_ticket_start_date":"","_ticket_end_date":"","_tribe_ticket_show_description":"","_tribe_ticket_show_not_going":false,"_tribe_ticket_use_global_stock":"","_tribe_ticket_global_stock_level":"","_global_stock_mode":"","_global_stock_cap":"","_tribe_rsvp_for_event":"","_tribe_ticket_going_count":"","_tribe_ticket_not_going_count":"","_tribe_tickets_list":"[]","_tribe_ticket_has_attendee_info_fields":false,"footnotes":"","_tec_slr_enabled":"","_tec_slr_layout":""},"class_list":["post-1637","page","type-page","status-publish","hentry","no-post-thumbnail"],"ticketed":false,"_links":{"self":[{"href":"https:\/\/giantstepsmontreal.com\/fr\/wp-json\/wp\/v2\/pages\/1637","targetHints":{"allow":["GET"]}}],"collection":[{"href":"https:\/\/giantstepsmontreal.com\/fr\/wp-json\/wp\/v2\/pages"}],"about":[{"href":"https:\/\/giantstepsmontreal.com\/fr\/wp-json\/wp\/v2\/types\/page"}],"author":[{"embeddable":true,"href":"https:\/\/giantstepsmontreal.com\/fr\/wp-json\/wp\/v2\/users\/2"}],"replies":[{"embeddable":true,"href":"https:\/\/giantstepsmontreal.com\/fr\/wp-json\/wp\/v2\/comments?post=1637"}],"version-history":[{"count":7,"href":"https:\/\/giantstepsmontreal.com\/fr\/wp-json\/wp\/v2\/pages\/1637\/revisions"}],"predecessor-version":[{"id":3916,"href":"https:\/\/giantstepsmontreal.com\/fr\/wp-json\/wp\/v2\/pages\/1637\/revisions\/3916"}],"up":[{"embeddable":true,"href":"https:\/\/giantstepsmontreal.com\/fr\/wp-json\/wp\/v2\/pages\/3288"}],"wp:attachment":[{"href":"https:\/\/giantstepsmontreal.com\/fr\/wp-json\/wp\/v2\/media?parent=1637"}],"curies":[{"name":"wp","href":"https:\/\/api.w.org\/{rel}","templated":true}]}}