{"id":1685,"date":"2018-10-28T16:24:18","date_gmt":"2018-10-28T20:24:18","guid":{"rendered":"https:\/\/giantstepsmontreal.com\/?page_id=1685"},"modified":"2018-10-28T18:44:31","modified_gmt":"2018-10-28T22:44:31","slug":"projet-pilote-laval","status":"publish","type":"page","link":"https:\/\/giantstepsmontreal.com\/fr\/projets\/projet-pilote-laval\/","title":{"rendered":"Projet Pilote Ville de Laval"},"content":{"rendered":"<div id=\"cs-content\" class=\"cs-content\"><\/div>\n","protected":false},"excerpt":{"rendered":"<p>Projet Pilote Ville de LavalHomeLaval est la premi\u00e8re ville du Qu\u00e9bec \u00e0 prendre une s\u00e9rie de mesures pour inclure les personnes autistes Le maire Marc\u00a0Demers et son \u00e9quipe s\u2019engagent \u00e0 faire en sorte que tous les citoyens puissent b\u00e9n\u00e9ficier des m\u00eames services.Projet de villes inclusivesEn savoir plus LES PREMI\u00c8RES INITIATIVES PORTERONT SUR : Politiques gouvernementales Les besoins des personnes autistes &#8230; <\/p>\n<div><a href=\"https:\/\/giantstepsmontreal.com\/fr\/projets\/projet-pilote-laval\/\" class=\"more-link\">Read More<\/a><\/div>\n","protected":false},"author":2,"featured_media":0,"parent":3288,"menu_order":0,"comment_status":"closed","ping_status":"closed","template":"template-blank-4.php","meta":{"_monsterinsights_skip_tracking":false,"_monsterinsights_sitenote_active":false,"_monsterinsights_sitenote_note":"","_monsterinsights_sitenote_category":0,"ngg_post_thumbnail":0,"_price":"","_stock":"","_tribe_ticket_header":"","_tribe_default_ticket_provider":"","_tribe_ticket_capacity":"0","_ticket_start_date":"","_ticket_end_date":"","_tribe_ticket_show_description":"","_tribe_ticket_show_not_going":false,"_tribe_ticket_use_global_stock":"","_tribe_ticket_global_stock_level":"","_global_stock_mode":"","_global_stock_cap":"","_tribe_rsvp_for_event":"","_tribe_ticket_going_count":"","_tribe_ticket_not_going_count":"","_tribe_tickets_list":"[]","_tribe_ticket_has_attendee_info_fields":false,"footnotes":"","_tec_slr_enabled":"","_tec_slr_layout":""},"class_list":["post-1685","page","type-page","status-publish","hentry","no-post-thumbnail"],"ticketed":false,"_links":{"self":[{"href":"https:\/\/giantstepsmontreal.com\/fr\/wp-json\/wp\/v2\/pages\/1685","targetHints":{"allow":["GET"]}}],"collection":[{"href":"https:\/\/giantstepsmontreal.com\/fr\/wp-json\/wp\/v2\/pages"}],"about":[{"href":"https:\/\/giantstepsmontreal.com\/fr\/wp-json\/wp\/v2\/types\/page"}],"author":[{"embeddable":true,"href":"https:\/\/giantstepsmontreal.com\/fr\/wp-json\/wp\/v2\/users\/2"}],"replies":[{"embeddable":true,"href":"https:\/\/giantstepsmontreal.com\/fr\/wp-json\/wp\/v2\/comments?post=1685"}],"version-history":[{"count":4,"href":"https:\/\/giantstepsmontreal.com\/fr\/wp-json\/wp\/v2\/pages\/1685\/revisions"}],"predecessor-version":[{"id":3918,"href":"https:\/\/giantstepsmontreal.com\/fr\/wp-json\/wp\/v2\/pages\/1685\/revisions\/3918"}],"up":[{"embeddable":true,"href":"https:\/\/giantstepsmontreal.com\/fr\/wp-json\/wp\/v2\/pages\/3288"}],"wp:attachment":[{"href":"https:\/\/giantstepsmontreal.com\/fr\/wp-json\/wp\/v2\/media?parent=1685"}],"curies":[{"name":"wp","href":"https:\/\/api.w.org\/{rel}","templated":true}]}}