{"id":3288,"date":"2020-11-29T16:38:40","date_gmt":"2020-11-29T21:38:40","guid":{"rendered":"https:\/\/giantstepsmontreal.com\/?page_id=3288"},"modified":"2021-08-03T20:06:30","modified_gmt":"2021-08-04T00:06:30","slug":"projets","status":"publish","type":"page","link":"https:\/\/giantstepsmontreal.com\/fr\/projets\/","title":{"rendered":"Projets"},"content":{"rendered":"<div id=\"cs-content\" class=\"cs-content\"><\/div>\n","protected":false},"excerpt":{"rendered":"<p>ProjetsPolaris Enterprise Une initiative d&rsquo;\u00e9ducation et d&#8217;emploi pour les adultes autistes en milieu de travail, en collaboration avec Les Compagnies Loblaw Lt\u00e9e.EN SAVOIR PLUSProjet de villes inclusives pour personnes autistes Ce projet vise \u00e0 sensibiliser et \u00e0 cr\u00e9er des opportunit\u00e9s dans de nombreux aspects de la vie urbaine qui peuvent \u00eatre difficiles pour les personnes atteintes du spectre.EN SAVOIR PLUSIntersection &#8230; <\/p>\n<div><a href=\"https:\/\/giantstepsmontreal.com\/fr\/projets\/\" class=\"more-link\">Read More<\/a><\/div>\n","protected":false},"author":2,"featured_media":0,"parent":0,"menu_order":0,"comment_status":"closed","ping_status":"closed","template":"template-blank-4.php","meta":{"_monsterinsights_skip_tracking":false,"_monsterinsights_sitenote_active":false,"_monsterinsights_sitenote_note":"","_monsterinsights_sitenote_category":0,"ngg_post_thumbnail":0,"_price":"","_stock":"","_tribe_ticket_header":"","_tribe_default_ticket_provider":"","_tribe_ticket_capacity":"0","_ticket_start_date":"","_ticket_end_date":"","_tribe_ticket_show_description":"","_tribe_ticket_show_not_going":false,"_tribe_ticket_use_global_stock":"","_tribe_ticket_global_stock_level":"","_global_stock_mode":"","_global_stock_cap":"","_tribe_rsvp_for_event":"","_tribe_ticket_going_count":"","_tribe_ticket_not_going_count":"","_tribe_tickets_list":"[]","_tribe_ticket_has_attendee_info_fields":false,"footnotes":"","_tec_slr_enabled":"","_tec_slr_layout":""},"class_list":["post-3288","page","type-page","status-publish","hentry","no-post-thumbnail"],"ticketed":false,"_links":{"self":[{"href":"https:\/\/giantstepsmontreal.com\/fr\/wp-json\/wp\/v2\/pages\/3288","targetHints":{"allow":["GET"]}}],"collection":[{"href":"https:\/\/giantstepsmontreal.com\/fr\/wp-json\/wp\/v2\/pages"}],"about":[{"href":"https:\/\/giantstepsmontreal.com\/fr\/wp-json\/wp\/v2\/types\/page"}],"author":[{"embeddable":true,"href":"https:\/\/giantstepsmontreal.com\/fr\/wp-json\/wp\/v2\/users\/2"}],"replies":[{"embeddable":true,"href":"https:\/\/giantstepsmontreal.com\/fr\/wp-json\/wp\/v2\/comments?post=3288"}],"version-history":[{"count":15,"href":"https:\/\/giantstepsmontreal.com\/fr\/wp-json\/wp\/v2\/pages\/3288\/revisions"}],"predecessor-version":[{"id":3955,"href":"https:\/\/giantstepsmontreal.com\/fr\/wp-json\/wp\/v2\/pages\/3288\/revisions\/3955"}],"wp:attachment":[{"href":"https:\/\/giantstepsmontreal.com\/fr\/wp-json\/wp\/v2\/media?parent=3288"}],"curies":[{"name":"wp","href":"https:\/\/api.w.org\/{rel}","templated":true}]}}