{"id":3354,"date":"2020-12-10T15:21:51","date_gmt":"2020-12-10T20:21:51","guid":{"rendered":"https:\/\/giantstepsmontreal.com\/?page_id=3354"},"modified":"2021-01-27T22:41:45","modified_gmt":"2021-01-28T03:41:45","slug":"asd-cyber-securite","status":"publish","type":"page","link":"https:\/\/giantstepsmontreal.com\/fr\/projets\/asd-cyber-securite\/","title":{"rendered":"ASD-Cyber-S\u00e9curit\u00e9"},"content":{"rendered":"<div id=\"cs-content\" class=\"cs-content\"><\/div>\n","protected":false},"excerpt":{"rendered":"<p>ASD-Cyber-S\u00e9curit\u00e9HomeLe programme ASD Cyber Safe est con\u00e7u pour \u00eatre une bo\u00eete \u00e0 outils \u00e9ducative accessible et responsabilisante pour les personnes autistes afin d&rsquo;apprendre \u00e0 naviguer sur le web en toute confiance et de mani\u00e8re ind\u00e9pendante. Des conseils sur la mani\u00e8re de g\u00e9rer diff\u00e9rentes situations, ainsi que des conseils pour les parents\/tuteurs sont fournis pour aider \u00e0 comprendre ce qu&rsquo;il faut &#8230; <\/p>\n<div><a href=\"https:\/\/giantstepsmontreal.com\/fr\/projets\/asd-cyber-securite\/\" class=\"more-link\">Read More<\/a><\/div>\n","protected":false},"author":5,"featured_media":0,"parent":3288,"menu_order":0,"comment_status":"closed","ping_status":"closed","template":"template-blank-4.php","meta":{"_monsterinsights_skip_tracking":false,"_monsterinsights_sitenote_active":false,"_monsterinsights_sitenote_note":"","_monsterinsights_sitenote_category":0,"ngg_post_thumbnail":0,"_price":"","_stock":"","_tribe_ticket_header":"","_tribe_default_ticket_provider":"","_tribe_ticket_capacity":"0","_ticket_start_date":"","_ticket_end_date":"","_tribe_ticket_show_description":"","_tribe_ticket_show_not_going":false,"_tribe_ticket_use_global_stock":"","_tribe_ticket_global_stock_level":"","_global_stock_mode":"","_global_stock_cap":"","_tribe_rsvp_for_event":"","_tribe_ticket_going_count":"","_tribe_ticket_not_going_count":"","_tribe_tickets_list":"[]","_tribe_ticket_has_attendee_info_fields":false,"footnotes":"","_tec_slr_enabled":"","_tec_slr_layout":""},"class_list":["post-3354","page","type-page","status-publish","hentry","no-post-thumbnail"],"ticketed":false,"_links":{"self":[{"href":"https:\/\/giantstepsmontreal.com\/fr\/wp-json\/wp\/v2\/pages\/3354","targetHints":{"allow":["GET"]}}],"collection":[{"href":"https:\/\/giantstepsmontreal.com\/fr\/wp-json\/wp\/v2\/pages"}],"about":[{"href":"https:\/\/giantstepsmontreal.com\/fr\/wp-json\/wp\/v2\/types\/page"}],"author":[{"embeddable":true,"href":"https:\/\/giantstepsmontreal.com\/fr\/wp-json\/wp\/v2\/users\/5"}],"replies":[{"embeddable":true,"href":"https:\/\/giantstepsmontreal.com\/fr\/wp-json\/wp\/v2\/comments?post=3354"}],"version-history":[{"count":34,"href":"https:\/\/giantstepsmontreal.com\/fr\/wp-json\/wp\/v2\/pages\/3354\/revisions"}],"predecessor-version":[{"id":3433,"href":"https:\/\/giantstepsmontreal.com\/fr\/wp-json\/wp\/v2\/pages\/3354\/revisions\/3433"}],"up":[{"embeddable":true,"href":"https:\/\/giantstepsmontreal.com\/fr\/wp-json\/wp\/v2\/pages\/3288"}],"wp:attachment":[{"href":"https:\/\/giantstepsmontreal.com\/fr\/wp-json\/wp\/v2\/media?parent=3354"}],"curies":[{"name":"wp","href":"https:\/\/api.w.org\/{rel}","templated":true}]}}