{"id":3786,"date":"2021-07-26T16:38:39","date_gmt":"2021-07-26T20:38:39","guid":{"rendered":"https:\/\/giantstepsmontreal.com\/?page_id=3786"},"modified":"2021-07-27T11:47:52","modified_gmt":"2021-07-27T15:47:52","slug":"polaris-enterprise","status":"publish","type":"page","link":"https:\/\/giantstepsmontreal.com\/fr\/projets\/polaris-enterprise\/","title":{"rendered":"Polaris Enterprise"},"content":{"rendered":"<div id=\"cs-content\" class=\"cs-content\"><\/div>\n","protected":false},"excerpt":{"rendered":"<p>POLARIS EntrepriseHomeInitiative d\u2019\u00e9ducation et d\u2019emploi pour adultes autistes en milieu de travail\u00c0 Propos du programme Ce programme gratuit et bilingue de formation et de pr\u00e9paration \u00e0 l\u2019emploi vise \u00e0 pr\u00e9parer et \u00e0 guider des adultes autistes de 21 ans et plus vers l\u2019emploi en g\u00e9n\u00e9ral, ainsi qu\u2019en vue de l\u2019embauche \u00e0 la fin du programme dans un poste cibl\u00e9 offert &#8230; <\/p>\n<div><a href=\"https:\/\/giantstepsmontreal.com\/fr\/projets\/polaris-enterprise\/\" class=\"more-link\">Read More<\/a><\/div>\n","protected":false},"author":6,"featured_media":0,"parent":3288,"menu_order":0,"comment_status":"closed","ping_status":"closed","template":"template-blank-4.php","meta":{"_monsterinsights_skip_tracking":false,"_monsterinsights_sitenote_active":false,"_monsterinsights_sitenote_note":"","_monsterinsights_sitenote_category":0,"ngg_post_thumbnail":0,"_price":"","_stock":"","_tribe_ticket_header":"","_tribe_default_ticket_provider":"","_tribe_ticket_capacity":"0","_ticket_start_date":"","_ticket_end_date":"","_tribe_ticket_show_description":"","_tribe_ticket_show_not_going":false,"_tribe_ticket_use_global_stock":"","_tribe_ticket_global_stock_level":"","_global_stock_mode":"","_global_stock_cap":"","_tribe_rsvp_for_event":"","_tribe_ticket_going_count":"","_tribe_ticket_not_going_count":"","_tribe_tickets_list":"[]","_tribe_ticket_has_attendee_info_fields":false,"footnotes":"","_tec_slr_enabled":"","_tec_slr_layout":""},"class_list":["post-3786","page","type-page","status-publish","hentry","no-post-thumbnail"],"ticketed":false,"_links":{"self":[{"href":"https:\/\/giantstepsmontreal.com\/fr\/wp-json\/wp\/v2\/pages\/3786","targetHints":{"allow":["GET"]}}],"collection":[{"href":"https:\/\/giantstepsmontreal.com\/fr\/wp-json\/wp\/v2\/pages"}],"about":[{"href":"https:\/\/giantstepsmontreal.com\/fr\/wp-json\/wp\/v2\/types\/page"}],"author":[{"embeddable":true,"href":"https:\/\/giantstepsmontreal.com\/fr\/wp-json\/wp\/v2\/users\/6"}],"replies":[{"embeddable":true,"href":"https:\/\/giantstepsmontreal.com\/fr\/wp-json\/wp\/v2\/comments?post=3786"}],"version-history":[{"count":3,"href":"https:\/\/giantstepsmontreal.com\/fr\/wp-json\/wp\/v2\/pages\/3786\/revisions"}],"predecessor-version":[{"id":3922,"href":"https:\/\/giantstepsmontreal.com\/fr\/wp-json\/wp\/v2\/pages\/3786\/revisions\/3922"}],"up":[{"embeddable":true,"href":"https:\/\/giantstepsmontreal.com\/fr\/wp-json\/wp\/v2\/pages\/3288"}],"wp:attachment":[{"href":"https:\/\/giantstepsmontreal.com\/fr\/wp-json\/wp\/v2\/media?parent=3786"}],"curies":[{"name":"wp","href":"https:\/\/api.w.org\/{rel}","templated":true}]}}